{"id":95,"date":"2013-06-21T17:54:25","date_gmt":"2013-06-21T15:54:25","guid":{"rendered":"http:\/\/www.clipstoreservice.com\/de\/?page_id=95"},"modified":"2013-06-21T18:39:05","modified_gmt":"2013-06-21T16:39:05","slug":"fetischdiva","status":"publish","type":"page","link":"https:\/\/www.clipstoreservice.com\/de\/fetisch-erotik-stores\/fetischdiva\/","title":{"rendered":"FetischDiva"},"content":{"rendered":"<p><a title=\"FetischDiva\" href=\"http:\/\/www.fetischdiva.com\/affin.php?cid=clipstoreservice\" target=\"_blank\">FetischDiva<\/a> ist eine recht junge Store-Seite mit viel Potential. Es gibt kaum Einschr\u00e4nkungen bei der Clipauswahl und die Seite ist in deutscher Sprache.<\/p>\n<p><a href=\"http:\/\/www.fetischdiva.com\/affin.php?cid=clipstoreservice\" target=\"_blank\"><img loading=\"lazy\" decoding=\"async\" class=\"alignnone size-full wp-image-96\" alt=\"fetischdiva\" src=\"http:\/\/www.clipstoreservice.com\/de\/wp-content\/uploads\/2013\/06\/fetischdiva.jpg\" width=\"200\" height=\"150\" \/><\/a><\/p>\n<p>Sprache: Deutsch<\/p>\n<p><strong>Vorteile: Seite komplett auf Deutsch, NS und KV Videos erlaubt, Hardcore Videos erlaubt, neue Webseite was eine gute Positionierung des eigenen Stores von Anfang an<br \/>\nerm\u00f6glicht<\/strong><br \/>\n<strong>Nachteil: neue Seite, &#8222;noch&#8220; wenig Umsatz<br \/>\n<\/strong><\/p>\n<p>FetischDiva ist die neuste der bekannteren Storeseiten. Dies bringt einen Nachteil, aber auch einen ebenso grossen Vorteil mit sich.<\/p>\n<p>Als Nachteil w\u00e4re zu nennen das der Umsatz derzeit noch nicht so gross wie bei anderen Seiten ist, aber wer jetzt seinen Store dort gut platziert hat die Chance auch auf Dauer bei den oberen Pl\u00e4tzen mitzuspielen und alleine durch die gute Platzierung viele Besucher zu erhalten.<\/p>\n<p>Die Themen auf FetischDiva sind komplett gemischt. Nat\u00fcrlich kommt Fetisch zuerst, aber auch Fetisch-Erotik Videos oder reine Hardcore Videos werden dort verkauft.<\/p>\n<p>Wer noch keinen Store dort hat, sollte die Chance nutzen und einen er\u00f6ffnen.<\/p>\n<p>\u00c4hnlich wie bei YooGirls und YezzClips dauert es bei FetischDiva bis die Ums\u00e4tze anziehen. Dies h\u00e4ngt mit der Werbung durch FetischDiva selber, als auch mit deren Affiliate-Webmastern zusammen. Die Werbung startet demnach nicht sofort nach Start des Stores. Da die Seite aber generell noch in der Startphase steckt lohnt sich Eigenwerbung doppelt. Am besten als Affiliate-Webmaster f\u00fcr den eigenen Store.<\/p>\n<p>FetischDiva zahlt <strong>bis zu 60%<\/strong> des Umsatzes an die Stores aus. Wenn ein Kunde durch einen Affiliate-Webmaster geworben wurde gehen 20% an diesen. Dann werden 40% an den Store ausgezahlt.<\/p>\n<p>Wie bereits gesagt, empfiehlt es sich hier selber zus\u00e4tzlich Werbung zu machen. Starten sie dort als <a title=\"Affiliate\" href=\"http:\/\/www.clipstoreservice.com\/de\/?page_id=59\">Affiliate-Webmaster<\/a> und steigern sie selbst den Umsatz ihres Stores und verdienen sie mit an Verk\u00e4ufen in anderen Stores.<\/p>\n<p>F\u00fcr eine \u00dcberweisung nach Deutschland wird 10 Euro berechnet, f\u00fcr eine internationale \u00dcberweisung 20 Euro.<\/p>\n<p>Bei der Auszahlung wird Store-Betreibern, ausserhalb der Niederlande, die Umsatzsteuer direkt abgezogen. Der Store-Betreiber muss diese also selbst nicht mehr versteuern.<\/p>\n<p>Besonderheiten: kaum Videobeschr\u00e4nkungen, Seite auf deutsch, noch recht neu<\/p>\n<p><em>Dies k\u00f6nnte ebenfalls f\u00fcr sie interessant sein: <a title=\"Clip Stores\" href=\"http:\/\/www.clipstoreservice.com\/de\/?page_id=2\">Alle Clip Stores<\/a><\/em><\/p>\n","protected":false},"excerpt":{"rendered":"<p>FetischDiva ist eine recht junge Store-Seite mit viel Potential. Es gibt kaum Einschr\u00e4nkungen bei der Clipauswahl und die Seite ist in deutscher Sprache. Sprache: Deutsch Vorteile: Seite komplett auf Deutsch, NS und KV Videos erlaubt, Hardcore Videos erlaubt, neue Webseite was eine gute Positionierung des eigenen Stores von Anfang an erm\u00f6glicht Nachteil: neue Seite, &#8222;noch&#8220; [&hellip;]<\/p>\n","protected":false},"author":1,"featured_media":0,"parent":2,"menu_order":0,"comment_status":"closed","ping_status":"closed","template":"","meta":{"footnotes":""},"class_list":["post-95","page","type-page","status-publish","hentry"],"_links":{"self":[{"href":"https:\/\/www.clipstoreservice.com\/de\/wp-json\/wp\/v2\/pages\/95","targetHints":{"allow":["GET"]}}],"collection":[{"href":"https:\/\/www.clipstoreservice.com\/de\/wp-json\/wp\/v2\/pages"}],"about":[{"href":"https:\/\/www.clipstoreservice.com\/de\/wp-json\/wp\/v2\/types\/page"}],"author":[{"embeddable":true,"href":"https:\/\/www.clipstoreservice.com\/de\/wp-json\/wp\/v2\/users\/1"}],"replies":[{"embeddable":true,"href":"https:\/\/www.clipstoreservice.com\/de\/wp-json\/wp\/v2\/comments?post=95"}],"version-history":[{"count":0,"href":"https:\/\/www.clipstoreservice.com\/de\/wp-json\/wp\/v2\/pages\/95\/revisions"}],"up":[{"embeddable":true,"href":"https:\/\/www.clipstoreservice.com\/de\/wp-json\/wp\/v2\/pages\/2"}],"wp:attachment":[{"href":"https:\/\/www.clipstoreservice.com\/de\/wp-json\/wp\/v2\/media?parent=95"}],"curies":[{"name":"wp","href":"https:\/\/api.w.org\/{rel}","templated":true}]}}