{"id":86,"date":"2013-06-21T17:40:53","date_gmt":"2013-06-21T15:40:53","guid":{"rendered":"http:\/\/www.clipstoreservice.com\/de\/?page_id=86"},"modified":"2013-06-21T18:39:12","modified_gmt":"2013-06-21T16:39:12","slug":"yezzclips","status":"publish","type":"page","link":"https:\/\/www.clipstoreservice.com\/de\/fetisch-erotik-stores\/yezzclips\/","title":{"rendered":"YezzClips"},"content":{"rendered":"<p><a title=\"YezzClips\" href=\"http:\/\/www.yezzclips.com\/affin.php?cid=clipstoreservice\" target=\"_blank\">YezzClips<\/a> ist eine der gr\u00f6ssten Clipseiten im Netz wenn es um Toilettenspiele geht. KV (Kaviar bzw. Kot) und NS (Natursekt bzw. Urin) Videos verkaufen sich dort mit Abstand am besten.<\/p>\n<p>Dies klingt ekelig und auch die Startseite zeigt direkt wo es zur Sache geht, aber das sollte einen Webmaster nicht abschrecken, selbst wenn er keine Videos dieser Art produziert.<\/p>\n<p><a href=\"http:\/\/www.yezzclips.com\/affin.php?cid=clipstoreservice\" target=\"_blank\"><img loading=\"lazy\" decoding=\"async\" class=\"alignnone size-full wp-image-87\" alt=\"yezzclips\" src=\"http:\/\/www.clipstoreservice.com\/de\/wp-content\/uploads\/2013\/06\/yezzclips.jpg\" width=\"200\" height=\"150\" \/><\/a><\/p>\n<p>Sprache: Englisch<\/p>\n<p><strong>Vorteile: NS und KV Videos erlaubt, hohe Ums\u00e4tze bei NS und KV Videos<\/strong><br \/>\n<strong>Nachteil: viele NS und KV Videos &#8211; andere Themen kommen zu kurz<br \/>\n<\/strong><\/p>\n<p>Wenn es um Toilettensex und KV Dominanz geht ist YezzClips die perfekte Webseite um schnell einen sehr hohen Umsatz zu erziehlen.<\/p>\n<p>Am meisten werden sogenannte &#8222;scat femdom&#8220; Videos verkauft. Also Videos wo der, meist m\u00e4nnliche Sklave, gegen seinen willen als Toilette benutzt wird. Fast ebenso gut laufen solo Videos die sexy Girls auf der Toilette zeigen. Es gibt viele Solo-Girls die einfach ihren t\u00e4glichen Toilettengang aufnehmen und damit quasi &#8222;mit Scheisse Geld verdienen&#8220;.<\/p>\n<p>Die Topstores sind aus allen Sprachen und Nationen gemischt. Es gibt viele deutsche Kunden, aber bei &#8222;Toilettenvideos&#8220; kommt es vorallem auf die Szene an.<\/p>\n<p>Bei NS und KV Videos ist ein sehr hoher Umsatz m\u00f6glich. Normale Fetisch, Femdom und Hardcore Videos kommen zwar auf YezzClips etwas zu kurz, ein Nebenverdienst ist aber trotzdem ohne Probleme m\u00f6glich, weshalb auf diese Seite nicht verzichtet werden soll, selbst wenn man keine eigenen NS und KV Videos produziert.<\/p>\n<p>\u00c4hnlich wie bei YooGirls, dauert es bei YezzClips bis die Ums\u00e4tze anziehen. Dies h\u00e4ngt wohl mit der Werbung durch YezzClips selber, als auch mit deren Affiliate-Webmastern zusammen. Die Werbung startet demnach nicht sofort nach Start des Stores.<\/p>\n<p>YezzClips zahlt <strong>bis zu 60%<\/strong> des Umsatzes an die Stores aus. Wenn ein Kunde durch einen Affiliate-Webmaster geworben wurde gehen 20% an diesen. Dann werden 40% an den Store ausgezahlt.<\/p>\n<p>Ein Nachteil ist dies allerdings nicht, so muss man sich nicht selber um Werbung k\u00fcmmern und \u00fcberl\u00e4sst dies vielen Webmastern welche f\u00fcr YezzClips als Affiliate t\u00e4tig sind.<\/p>\n<p>Selbstverst\u00e4ndlich k\u00f6nnen sie selber als <a title=\"Affiliate\" href=\"http:\/\/www.clipstoreservice.com\/de\/?page_id=59\">Affiliate-Webmaster<\/a> t\u00e4tig werden und nicht nur den Umsatz ihres Stores steigern, sondern an Verk\u00e4ufen in anderen Stores mit verdienen.<\/p>\n<p>F\u00fcr eine \u00dcberweisung nach Deutschland wird 10 Euro berechnet, f\u00fcr eine internationale \u00dcberweisung 20 Euro.<\/p>\n<p>Bei der Auszahlung wird Store-Betreibern, ausserhalb der Niederlande, die Umsatzsteuer direkt abgezogen. Der Store-Betreiber muss diese also selbst nicht mehr versteuern.<\/p>\n<p>Besonderheiten: vorallem Natursekt und Kaviar Videos<\/p>\n<p><em>Dies k\u00f6nnte ebenfalls f\u00fcr sie interessant sein: <a title=\"Clip Stores\" href=\"http:\/\/www.clipstoreservice.com\/de\/?page_id=2\">Alle Clip Stores<\/a><\/em><\/p>\n","protected":false},"excerpt":{"rendered":"<p>YezzClips ist eine der gr\u00f6ssten Clipseiten im Netz wenn es um Toilettenspiele geht. KV (Kaviar bzw. Kot) und NS (Natursekt bzw. Urin) Videos verkaufen sich dort mit Abstand am besten. Dies klingt ekelig und auch die Startseite zeigt direkt wo es zur Sache geht, aber das sollte einen Webmaster nicht abschrecken, selbst wenn er keine [&hellip;]<\/p>\n","protected":false},"author":1,"featured_media":0,"parent":2,"menu_order":0,"comment_status":"closed","ping_status":"closed","template":"","meta":{"footnotes":""},"class_list":["post-86","page","type-page","status-publish","hentry"],"_links":{"self":[{"href":"https:\/\/www.clipstoreservice.com\/de\/wp-json\/wp\/v2\/pages\/86","targetHints":{"allow":["GET"]}}],"collection":[{"href":"https:\/\/www.clipstoreservice.com\/de\/wp-json\/wp\/v2\/pages"}],"about":[{"href":"https:\/\/www.clipstoreservice.com\/de\/wp-json\/wp\/v2\/types\/page"}],"author":[{"embeddable":true,"href":"https:\/\/www.clipstoreservice.com\/de\/wp-json\/wp\/v2\/users\/1"}],"replies":[{"embeddable":true,"href":"https:\/\/www.clipstoreservice.com\/de\/wp-json\/wp\/v2\/comments?post=86"}],"version-history":[{"count":0,"href":"https:\/\/www.clipstoreservice.com\/de\/wp-json\/wp\/v2\/pages\/86\/revisions"}],"up":[{"embeddable":true,"href":"https:\/\/www.clipstoreservice.com\/de\/wp-json\/wp\/v2\/pages\/2"}],"wp:attachment":[{"href":"https:\/\/www.clipstoreservice.com\/de\/wp-json\/wp\/v2\/media?parent=86"}],"curies":[{"name":"wp","href":"https:\/\/api.w.org\/{rel}","templated":true}]}}