{"id":74,"date":"2013-06-21T17:15:09","date_gmt":"2013-06-21T15:15:09","guid":{"rendered":"http:\/\/www.clipstoreservice.com\/de\/?page_id=74"},"modified":"2013-06-21T18:39:16","modified_gmt":"2013-06-21T16:39:16","slug":"yoogirls","status":"publish","type":"page","link":"https:\/\/www.clipstoreservice.com\/de\/fetisch-erotik-stores\/yoogirls\/","title":{"rendered":"YooGirls"},"content":{"rendered":"<p><a title=\"YooGirls\" href=\"http:\/\/www.yoogirls.com\/affin.php?cid=clipstoreservice\" target=\"_blank\">YooGirls<\/a> geh\u00f6rt zu den erfolgreichsten Clip-Store Seiten im Internet. Besonders bekannt f\u00fcr seine &#8222;nonnude&#8220; (nicht nackten) Fetischvideos.<\/p>\n<p><a href=\"http:\/\/www.yoogirls.com\/affin.php?cid=clipstoreservice\" target=\"_blank\"><img loading=\"lazy\" decoding=\"async\" class=\"alignnone size-full wp-image-77\" alt=\"yoogirls\" src=\"http:\/\/www.clipstoreservice.com\/de\/wp-content\/uploads\/2013\/06\/yoogirls.jpg\" width=\"200\" height=\"150\" \/><\/a><\/p>\n<p>Sprache: Englisch<\/p>\n<p><strong>Vorteile: viele deutsche Kunden, Zahlung f\u00fcr Kunden auch per Bankeinzug und Sofort\u00fcberweisung, niedrige Auszahlungsgeb\u00fchren f\u00fcr Stores<\/strong><br \/>\n<strong>Nachteil: kein Hardcore<br \/>\n<\/strong><\/p>\n<p>Die wohl derzeit gr\u00f6sste Clipseite nach Clips4Sale ist YooGirls. Und das obwohl hier keine Hardcore oder Softcore Videos erlaubt sind.<\/p>\n<p>Alles dreht sich um Fetisch wie z.B. Fussfetisch, weibliche Dominanz, Geldherrinnen oder<br \/>\nFacesitting.<\/p>\n<p>Die Topstores sind gemischt in deutsche und englische Stores. Durch die vielen deutschen Stores gibt es auch viele deutsche Kunden. Dies erh\u00f6ht die Verkaufschancen f\u00fcr deutsche Clips und Stores.<\/p>\n<p>Ein hoher Umsatz ist ohne weiteres m\u00f6glich.<\/p>\n<p>Wie immer gillt &#8211; je besser die Qualit\u00e4t der Videos und je interessanter das Video um so mehr wird davon verkauft.<\/p>\n<p>Es gillt zu beachten, das bei YooGirls die Verk\u00e4ufe nach einigen Wochen nochmal stark anziehen. Dies resultiert wohl aus der Werbung die von YooGirls und deren Affiliate-Webmastern gemacht wird und nicht sofort beim Start des Stores zum tragen kommt.<\/p>\n<p>Die meist verkauften Clips sind Geldherrinnen-Videos und Femdom POV. Auch Wichsanleitungen und generell dominante Videos verkaufen sich sehr gut.<\/p>\n<p>YooGirls zahlt <strong>bis zu 60%<\/strong> des Umsatzes an die Stores aus. Wenn ein Kunde durch einen Affiliate-Webmaster geworben wurde gehen 20% an diesen. Dann werden 40% an den Store ausgezahlt.<\/p>\n<p>Dies klingt aber nur kurz Gedacht nach einem Nachteil, denn durch die vielen Affiliate-Webmaster erreicht ihr Store auch ohne Eigenwerbung tolle Ums\u00e4tze.<\/p>\n<p>Selbstverst\u00e4ndlich k\u00f6nnen sie selber als <a title=\"Affiliate\" href=\"http:\/\/www.clipstoreservice.com\/de\/?page_id=59\">Affiliate-Webmaster<\/a> t\u00e4tig werden und nicht nur den Umsatz ihres Stores steigern, sondern an Verk\u00e4ufen in anderen Stores mit verdienen.<\/p>\n<p>F\u00fcr eine \u00dcberweisung nach Deutschland wird 10 Euro berechnet, f\u00fcr eine internationale \u00dcberweisung 20 Euro.<\/p>\n<p>Bei der Auszahlung wird Store-Betreibern, ausserhalb der Niederlande, die Umsatzsteuer direkt abgezogen. Der Store-Betreiber muss diese also selbst nicht mehr versteuern.<\/p>\n<p>Besonderheiten: keine Nackheit und Hardcore Videos<\/p>\n<p><em>Dies k\u00f6nnte ebenfalls f\u00fcr sie interessant sein: <a title=\"Clip Stores\" href=\"http:\/\/www.clipstoreservice.com\/de\/?page_id=2\">Alle Clip Stores<\/a><\/em><\/p>\n","protected":false},"excerpt":{"rendered":"<p>YooGirls geh\u00f6rt zu den erfolgreichsten Clip-Store Seiten im Internet. Besonders bekannt f\u00fcr seine &#8222;nonnude&#8220; (nicht nackten) Fetischvideos. Sprache: Englisch Vorteile: viele deutsche Kunden, Zahlung f\u00fcr Kunden auch per Bankeinzug und Sofort\u00fcberweisung, niedrige Auszahlungsgeb\u00fchren f\u00fcr Stores Nachteil: kein Hardcore Die wohl derzeit gr\u00f6sste Clipseite nach Clips4Sale ist YooGirls. Und das obwohl hier keine Hardcore oder Softcore [&hellip;]<\/p>\n","protected":false},"author":1,"featured_media":0,"parent":2,"menu_order":0,"comment_status":"closed","ping_status":"closed","template":"","meta":{"footnotes":""},"class_list":["post-74","page","type-page","status-publish","hentry"],"_links":{"self":[{"href":"https:\/\/www.clipstoreservice.com\/de\/wp-json\/wp\/v2\/pages\/74","targetHints":{"allow":["GET"]}}],"collection":[{"href":"https:\/\/www.clipstoreservice.com\/de\/wp-json\/wp\/v2\/pages"}],"about":[{"href":"https:\/\/www.clipstoreservice.com\/de\/wp-json\/wp\/v2\/types\/page"}],"author":[{"embeddable":true,"href":"https:\/\/www.clipstoreservice.com\/de\/wp-json\/wp\/v2\/users\/1"}],"replies":[{"embeddable":true,"href":"https:\/\/www.clipstoreservice.com\/de\/wp-json\/wp\/v2\/comments?post=74"}],"version-history":[{"count":0,"href":"https:\/\/www.clipstoreservice.com\/de\/wp-json\/wp\/v2\/pages\/74\/revisions"}],"up":[{"embeddable":true,"href":"https:\/\/www.clipstoreservice.com\/de\/wp-json\/wp\/v2\/pages\/2"}],"wp:attachment":[{"href":"https:\/\/www.clipstoreservice.com\/de\/wp-json\/wp\/v2\/media?parent=74"}],"curies":[{"name":"wp","href":"https:\/\/api.w.org\/{rel}","templated":true}]}}