{"id":59,"date":"2013-06-09T17:23:52","date_gmt":"2013-06-09T15:23:52","guid":{"rendered":"http:\/\/www.clipstoreservice.com\/de\/?page_id=59"},"modified":"2013-06-23T18:10:03","modified_gmt":"2013-06-23T16:10:03","slug":"nebenverdienst-affiliate","status":"publish","type":"page","link":"https:\/\/www.clipstoreservice.com\/de\/nebenverdienst-affiliate\/","title":{"rendered":"Nebenverdienst Affiliate"},"content":{"rendered":"<p>Affiliate ist f\u00fcr viele nicht nur Nebenverdienst sondern der Hauptumsatz.<\/p>\n<p>Vorab &#8211; was ist Affiliate ?<\/p>\n<p>Als Affiliate wirbt man Kunden f\u00fcr eine Webseite, andere Affiliates oder Stores\/Camgirls und erh\u00e4lt dann Prozente von deren Ums\u00e4tzen.<\/p>\n<p>Folgende Affiliate Programme m\u00f6chte ich vorstellen.<\/p>\n<p><a title=\"YooGirls\" href=\"http:\/\/www.yoogirls.com\/affin.php?cid=clipstoreservice\" target=\"_blank\">YooGirls<\/a> &#8211; kein Hardcore, keine Erotik &#8211; vorallem Geldherrinnen und Femdom<br \/>\n<a title=\"YezzClips\" href=\"http:\/\/www.yezzclips.com\/affin.php?cid=clipstoreservice\" target=\"_blank\">YezzClips<\/a> &#8211; vorallem Kaviar und Natursekt &#8211; hohe Umsatzm\u00f6glichkeiten<br \/>\n<a title=\"FetischDiva\" href=\"http:\/\/www.fetischdiva.com\/affin.php?cid=clipstoreservice\" target=\"_blank\">FetischDiva<\/a> &#8211; neue Seite, gute Chance auf viele Neukunden<br \/>\n<a title=\"YooChat\" href=\"http:\/\/www.yoochat.net\/affin.php?cid=clipstoreservice\" target=\"_blank\">YooChat<\/a> &#8211; im Bereich Geldherrinnen sehr hohe Abschlussquoten<br \/>\n<a title=\"YooFetisch\" href=\"http:\/\/www.yoofetisch.com\/affin.php?cid=clipstoreservice\" target=\"_blank\">YooFetisch<\/a> &#8211; neue Seite, gute Chance auf viele Neukunden<\/p>\n","protected":false},"excerpt":{"rendered":"<p>Affiliate ist f\u00fcr viele nicht nur Nebenverdienst sondern der Hauptumsatz. Vorab &#8211; was ist Affiliate ? Als Affiliate wirbt man Kunden f\u00fcr eine Webseite, andere Affiliates oder Stores\/Camgirls und erh\u00e4lt dann Prozente von deren Ums\u00e4tzen. Folgende Affiliate Programme m\u00f6chte ich vorstellen. YooGirls &#8211; kein Hardcore, keine Erotik &#8211; vorallem Geldherrinnen und Femdom YezzClips &#8211; vorallem [&hellip;]<\/p>\n","protected":false},"author":1,"featured_media":0,"parent":0,"menu_order":0,"comment_status":"closed","ping_status":"closed","template":"","meta":{"footnotes":""},"class_list":["post-59","page","type-page","status-publish","hentry"],"_links":{"self":[{"href":"https:\/\/www.clipstoreservice.com\/de\/wp-json\/wp\/v2\/pages\/59","targetHints":{"allow":["GET"]}}],"collection":[{"href":"https:\/\/www.clipstoreservice.com\/de\/wp-json\/wp\/v2\/pages"}],"about":[{"href":"https:\/\/www.clipstoreservice.com\/de\/wp-json\/wp\/v2\/types\/page"}],"author":[{"embeddable":true,"href":"https:\/\/www.clipstoreservice.com\/de\/wp-json\/wp\/v2\/users\/1"}],"replies":[{"embeddable":true,"href":"https:\/\/www.clipstoreservice.com\/de\/wp-json\/wp\/v2\/comments?post=59"}],"version-history":[{"count":0,"href":"https:\/\/www.clipstoreservice.com\/de\/wp-json\/wp\/v2\/pages\/59\/revisions"}],"wp:attachment":[{"href":"https:\/\/www.clipstoreservice.com\/de\/wp-json\/wp\/v2\/media?parent=59"}],"curies":[{"name":"wp","href":"https:\/\/api.w.org\/{rel}","templated":true}]}}