{"id":49,"date":"2013-06-09T17:13:39","date_gmt":"2013-06-09T15:13:39","guid":{"rendered":"http:\/\/www.clipstoreservice.com\/de\/?page_id=49"},"modified":"2013-06-09T17:27:48","modified_gmt":"2013-06-09T15:27:48","slug":"yoofetisch","status":"publish","type":"page","link":"https:\/\/www.clipstoreservice.com\/de\/cam-chat-nebenverdienst\/yoofetisch\/","title":{"rendered":"YooFetisch"},"content":{"rendered":"<p><a title=\"www.YooFetisch.com\" href=\"http:\/\/www.yoofetisch.com\/affin.php?cid=clipstoreservice\" target=\"_blank\">YooFetisch<\/a><\/p>\n<p><a href=\"http:\/\/www.yoofetisch.com\/affin.php?cid=clipstoreservice\"><img loading=\"lazy\" decoding=\"async\" class=\"alignnone size-full wp-image-50\" alt=\"yoofetisch\" src=\"http:\/\/www.clipstoreservice.com\/de\/wp-content\/uploads\/2013\/06\/yoofetisch.jpg\" width=\"200\" height=\"150\" \/><\/a><\/p>\n<p>Klassischer Webcamchat vorallem f\u00fcr Fetisch Themen.<\/p>\n<p>Geldherrinen, Fussgirls, dominante Dominas etc. finden hier den passenden Camchat genauso wie Erotikgirls und Pornocam erfahrene Ladies.<\/p>\n<p>Vorallem devote und fetischbegeisterte User.<\/p>\n<p>Minutenpreise k\u00f6nnen selbst gew\u00e4hlt werden.<\/p>\n<p>40% der Ums\u00e4tze gehen direkt an Sie. Bei einem Wohnsitz ausserhalb der Niederlande wird die Mehrwertsteuer direkt vom Betreiber der Seite einbehalten und gezahlt. Sie m\u00fcssen demnach keine Umsatzsteuer mehr selber abf\u00fchren.<\/p>\n<p>Wenn sie eine eigene Webseite besitzen k\u00f6nnen sie zus\u00e4tzlich 25% an den Kunden als Affiliate verdienen. Nicht nur ihre Kunden sondern alle Kunden der Webseite.<\/p>\n<p>Zur Anmeldung bei <a title=\"YooFetisch\" href=\"http:\/\/www.yoofetisch.com\/affin.php?cid=clipstoreservice&amp;senderref=1\" target=\"_blank\">YooFetisch.<\/a><\/p>\n<p><em>Auch f\u00fcr sie interessant: <a title=\"Fetischchat\" href=\"http:\/\/www.clipstoreservice.com\/de\/?page_id=42\">YooChat der FetischChat<\/a><\/em><\/p>\n","protected":false},"excerpt":{"rendered":"<p>YooFetisch Klassischer Webcamchat vorallem f\u00fcr Fetisch Themen. Geldherrinen, Fussgirls, dominante Dominas etc. finden hier den passenden Camchat genauso wie Erotikgirls und Pornocam erfahrene Ladies. Vorallem devote und fetischbegeisterte User. Minutenpreise k\u00f6nnen selbst gew\u00e4hlt werden. 40% der Ums\u00e4tze gehen direkt an Sie. Bei einem Wohnsitz ausserhalb der Niederlande wird die Mehrwertsteuer direkt vom Betreiber der Seite [&hellip;]<\/p>\n","protected":false},"author":1,"featured_media":0,"parent":34,"menu_order":0,"comment_status":"closed","ping_status":"closed","template":"","meta":{"footnotes":""},"class_list":["post-49","page","type-page","status-publish","hentry"],"_links":{"self":[{"href":"https:\/\/www.clipstoreservice.com\/de\/wp-json\/wp\/v2\/pages\/49","targetHints":{"allow":["GET"]}}],"collection":[{"href":"https:\/\/www.clipstoreservice.com\/de\/wp-json\/wp\/v2\/pages"}],"about":[{"href":"https:\/\/www.clipstoreservice.com\/de\/wp-json\/wp\/v2\/types\/page"}],"author":[{"embeddable":true,"href":"https:\/\/www.clipstoreservice.com\/de\/wp-json\/wp\/v2\/users\/1"}],"replies":[{"embeddable":true,"href":"https:\/\/www.clipstoreservice.com\/de\/wp-json\/wp\/v2\/comments?post=49"}],"version-history":[{"count":0,"href":"https:\/\/www.clipstoreservice.com\/de\/wp-json\/wp\/v2\/pages\/49\/revisions"}],"up":[{"embeddable":true,"href":"https:\/\/www.clipstoreservice.com\/de\/wp-json\/wp\/v2\/pages\/34"}],"wp:attachment":[{"href":"https:\/\/www.clipstoreservice.com\/de\/wp-json\/wp\/v2\/media?parent=49"}],"curies":[{"name":"wp","href":"https:\/\/api.w.org\/{rel}","templated":true}]}}