{"id":42,"date":"2013-06-09T15:25:51","date_gmt":"2013-06-09T13:25:51","guid":{"rendered":"http:\/\/www.clipstoreservice.com\/de\/?page_id=42"},"modified":"2013-06-09T17:28:30","modified_gmt":"2013-06-09T15:28:30","slug":"yoochat","status":"publish","type":"page","link":"https:\/\/www.clipstoreservice.com\/de\/cam-chat-nebenverdienst\/yoochat\/","title":{"rendered":"YooChat"},"content":{"rendered":"<p><a title=\"www.YooChat.net\" href=\"http:\/\/www.yoochat.net\/affin.php?cid=clipstoreservice\" target=\"_blank\">www.YooChat.net<\/a><\/p>\n<p><a href=\"http:\/\/www.yoochat.net\/affin.php?cid=clipstoreservice\" target=\"_blank\"><img loading=\"lazy\" decoding=\"async\" alt=\"yoochat\" src=\"http:\/\/www.clipstoreservice.com\/de\/wp-content\/uploads\/2013\/06\/yoochat.jpg\" width=\"200\" height=\"150\" \/><\/a><\/p>\n<p>Ein kompletter Textchat ohne Webcam. Ideal f\u00fcr dominante Girls die mit Themen wie &#8222;Financial Domination \/ Geldherrin, Wichserziehung, Keuschhaltung, Geil machen, Erniedrigung etc.&#8220; umgehen k\u00f6nnen und Spass am schreiben mit devoten Usern haben.<\/p>\n<p>Auch wenn es keine Webcam gibt sind die Haltezeiten recht lang und die Minutenpreise k\u00f6nnen selber ausgesucht werden.<\/p>\n<p>Zus\u00e4tzlich gibt es die M\u00f6glichkeit das User Tribute senden k\u00f6nnen. Private Nachrichten tragen ebenfalls zum Umsatz bei.<\/p>\n<p>Sie erhalten 50% der Ums\u00e4tze abz\u00fcglich der Mehrwertsteuer, welche direkt vom Betreiber gezahlt wird.<\/p>\n<p>Als Affiliate k\u00f6nnen sie zus\u00e4tzlich weitere 10% Umsatz erziehlen &#8211; z.B. wenn sie von ihrer eigenen Webseite werben.<\/p>\n<p>Zur Anmeldung bei <a title=\"YooChat\" href=\"http:\/\/www.yoochat.net\/affin.php?cid=clipstoreservice&amp;senderref=1\" target=\"_blank\">YooChat<\/a>.<\/p>\n<p><em>Auch f\u00fcr sie interessant: <a title=\"Webcamchat\" href=\"http:\/\/www.clipstoreservice.com\/de\/?page_id=49\">YooFetisch der Webcamchat<\/a><\/em><\/p>\n","protected":false},"excerpt":{"rendered":"<p>www.YooChat.net Ein kompletter Textchat ohne Webcam. Ideal f\u00fcr dominante Girls die mit Themen wie &#8222;Financial Domination \/ Geldherrin, Wichserziehung, Keuschhaltung, Geil machen, Erniedrigung etc.&#8220; umgehen k\u00f6nnen und Spass am schreiben mit devoten Usern haben. Auch wenn es keine Webcam gibt sind die Haltezeiten recht lang und die Minutenpreise k\u00f6nnen selber ausgesucht werden. Zus\u00e4tzlich gibt es [&hellip;]<\/p>\n","protected":false},"author":1,"featured_media":0,"parent":34,"menu_order":0,"comment_status":"closed","ping_status":"closed","template":"","meta":{"footnotes":""},"class_list":["post-42","page","type-page","status-publish","hentry"],"_links":{"self":[{"href":"https:\/\/www.clipstoreservice.com\/de\/wp-json\/wp\/v2\/pages\/42","targetHints":{"allow":["GET"]}}],"collection":[{"href":"https:\/\/www.clipstoreservice.com\/de\/wp-json\/wp\/v2\/pages"}],"about":[{"href":"https:\/\/www.clipstoreservice.com\/de\/wp-json\/wp\/v2\/types\/page"}],"author":[{"embeddable":true,"href":"https:\/\/www.clipstoreservice.com\/de\/wp-json\/wp\/v2\/users\/1"}],"replies":[{"embeddable":true,"href":"https:\/\/www.clipstoreservice.com\/de\/wp-json\/wp\/v2\/comments?post=42"}],"version-history":[{"count":0,"href":"https:\/\/www.clipstoreservice.com\/de\/wp-json\/wp\/v2\/pages\/42\/revisions"}],"up":[{"embeddable":true,"href":"https:\/\/www.clipstoreservice.com\/de\/wp-json\/wp\/v2\/pages\/34"}],"wp:attachment":[{"href":"https:\/\/www.clipstoreservice.com\/de\/wp-json\/wp\/v2\/media?parent=42"}],"curies":[{"name":"wp","href":"https:\/\/api.w.org\/{rel}","templated":true}]}}