{"id":21,"date":"2013-06-08T21:13:26","date_gmt":"2013-06-08T19:13:26","guid":{"rendered":"http:\/\/www.clipstoreservice.com\/de\/?page_id=21"},"modified":"2014-01-08T13:45:39","modified_gmt":"2014-01-08T11:45:39","slug":"kontakt-preise","status":"publish","type":"page","link":"https:\/\/www.clipstoreservice.com\/de\/kontakt-preise\/","title":{"rendered":"Kontakt \/ Preise"},"content":{"rendered":"<p>Bei Interesse an unserem Service mailen sie an <a href=\"mailto:info@clipstoreservice.com\">info@clipstoreservice.com<\/a><\/p>\n<p>Wir berechnen ihnen 30-50% (je nach Arbeitsaufwand) ihrer Auszahlungssume und dies selbstverst\u00e4ndlich erst nach Erhalt ihrer Auszahlungen.<\/p>\n<p>Bei unserem Store Service gibt es f\u00fcr sie kein Risiko, keine Anzahlung, keine direkten Kosten.<\/p>\n<p>Sie k\u00f6nnen unseren Store Service so lange nutzen wie sie wollen. Sollten sie einmal selber ihre Stores pflegen wollen kann der Store direkt von ihnen weiter gef\u00fchrt werden. Unser Service wird dann bis online gehen des letzten eingestellten Clips + Ende des Monats berechnet.<\/p>\n<p>Der Store l\u00e4uft direkt \u00fcber sie und damit erhalten sie alle Auszahlungen bequem auf ihr Konto.<\/p>\n<p><strong>Kein Risiko, keine Mehrarbeit, keine Kosten ABER mehr Umsatz f\u00fcr sie.<\/strong><\/p>\n<p><em><strong>Bonus:<\/strong> Sollten sie eine eigene Webseite besitzen kann je nach Store, ein Link \/ Banner zu ihrer Webseite gesetzt werden was zus\u00e4tzliche Besucher und auch dort zus\u00e4tzlichen Umsatz bringen wird.<\/em><\/p>\n<p>Schreiben sie uns jetzt um sofort Extra Umsatz durch unsere Partner-Stores zu erreichen:<\/p>\n<p><a href=\"mailto:info@clipstoreservice.com\">info@clipstoreservice.com<\/a><\/p>\n<p>&nbsp;<\/p>\n","protected":false},"excerpt":{"rendered":"<p>Bei Interesse an unserem Service mailen sie an info@clipstoreservice.com Wir berechnen ihnen 30-50% (je nach Arbeitsaufwand) ihrer Auszahlungssume und dies selbstverst\u00e4ndlich erst nach Erhalt ihrer Auszahlungen. Bei unserem Store Service gibt es f\u00fcr sie kein Risiko, keine Anzahlung, keine direkten Kosten. Sie k\u00f6nnen unseren Store Service so lange nutzen wie sie wollen. Sollten sie einmal [&hellip;]<\/p>\n","protected":false},"author":1,"featured_media":0,"parent":0,"menu_order":0,"comment_status":"closed","ping_status":"closed","template":"","meta":{"footnotes":""},"class_list":["post-21","page","type-page","status-publish","hentry"],"_links":{"self":[{"href":"https:\/\/www.clipstoreservice.com\/de\/wp-json\/wp\/v2\/pages\/21","targetHints":{"allow":["GET"]}}],"collection":[{"href":"https:\/\/www.clipstoreservice.com\/de\/wp-json\/wp\/v2\/pages"}],"about":[{"href":"https:\/\/www.clipstoreservice.com\/de\/wp-json\/wp\/v2\/types\/page"}],"author":[{"embeddable":true,"href":"https:\/\/www.clipstoreservice.com\/de\/wp-json\/wp\/v2\/users\/1"}],"replies":[{"embeddable":true,"href":"https:\/\/www.clipstoreservice.com\/de\/wp-json\/wp\/v2\/comments?post=21"}],"version-history":[{"count":0,"href":"https:\/\/www.clipstoreservice.com\/de\/wp-json\/wp\/v2\/pages\/21\/revisions"}],"wp:attachment":[{"href":"https:\/\/www.clipstoreservice.com\/de\/wp-json\/wp\/v2\/media?parent=21"}],"curies":[{"name":"wp","href":"https:\/\/api.w.org\/{rel}","templated":true}]}}