{"id":2,"date":"2013-05-31T11:36:00","date_gmt":"2013-05-31T11:36:00","guid":{"rendered":"http:\/\/www.clipstoreservice.com\/de\/?page_id=2"},"modified":"2014-05-03T16:20:59","modified_gmt":"2014-05-03T14:20:59","slug":"fetisch-erotik-stores","status":"publish","type":"page","link":"https:\/\/www.clipstoreservice.com\/de\/fetisch-erotik-stores\/","title":{"rendered":"Fetisch Erotik Stores"},"content":{"rendered":"<p>Hier stellen wir ihnen die Fetisch und Erotik Stores vor mit denen wir seit Jahren erfolgreich zusammen arbeiten.<\/p>\n<p>Selbstverst\u00e4ndlich steht ihnen unserer Service auch zur Verf\u00fcgung wenn sie bereits bei einem dieser Stores angemeldet sind und bereits erfolgreich Videos verkaufen.<\/p>\n<p>Wir k\u00fcmmern uns dann um die anderen Stores und sie haben mehr Zeit f\u00fcr die wesentlichen Dinge wie z.B. das produzieren neuer Videos.<\/p>\n<p>Stores<br \/>\n<a title=\"Clips4Sale\" href=\"http:\/\/www.clipstoreservice.com\/de\/?page_id=13\">Clips4Sale<\/a> &#8211; die erste Storeseite in der Art, vorallem Fetisch, Femdom und Femdom-Erotik<br \/>\n<a title=\"YooGirls\" href=\"http:\/\/www.clipstoreservice.com\/de\/?page_id=74\">YooGirls<\/a> &#8211; ideal f\u00fcr Fetischvideos ohne Hardcore z.B. Geldherrinnen, Dominanzvideos etc.<br \/>\n<a title=\"YezzClips\" href=\"http:\/\/www.clipstoreservice.com\/de\/?page_id=86\">YezzClips<\/a> &#8211; kaum einschr\u00e4nkungen bei den Videos, Natursekt und Kaviar Videos sind erlaubt<br \/>\n<a title=\"FetischDiva\" href=\"http:\/\/www.clipstoreservice.com\/de\/?page_id=95\">FetischDiva<\/a> &#8211; ebenfalls kaum Einschr\u00e4nkungen, ideal f\u00fcr das deutsche Publikum<br \/>\n<a title=\"KinkBomb\" href=\"http:\/\/www.clipstoreservice.com\/de\/?page_id=101\">KinkBomb<\/a> &#8211; grosse Seite vorallem f\u00fcr Geldherrinnen<br \/>\n<a title=\"FetishCOD\" href=\"http:\/\/www.clipstoreservice.com\/de\/?page_id=106\">FetishCOD<\/a> &#8211; nicht geeignet f\u00fcr Erotikvideos, haupts\u00e4chlich weibliche Dominanz (Femdom)<\/p>\n<p>&nbsp;<\/p>\n","protected":false},"excerpt":{"rendered":"<p>Hier stellen wir ihnen die Fetisch und Erotik Stores vor mit denen wir seit Jahren erfolgreich zusammen arbeiten. Selbstverst\u00e4ndlich steht ihnen unserer Service auch zur Verf\u00fcgung wenn sie bereits bei einem dieser Stores angemeldet sind und bereits erfolgreich Videos verkaufen. Wir k\u00fcmmern uns dann um die anderen Stores und sie haben mehr Zeit f\u00fcr die [&hellip;]<\/p>\n","protected":false},"author":1,"featured_media":0,"parent":0,"menu_order":0,"comment_status":"closed","ping_status":"closed","template":"","meta":{"footnotes":""},"class_list":["post-2","page","type-page","status-publish","hentry"],"_links":{"self":[{"href":"https:\/\/www.clipstoreservice.com\/de\/wp-json\/wp\/v2\/pages\/2","targetHints":{"allow":["GET"]}}],"collection":[{"href":"https:\/\/www.clipstoreservice.com\/de\/wp-json\/wp\/v2\/pages"}],"about":[{"href":"https:\/\/www.clipstoreservice.com\/de\/wp-json\/wp\/v2\/types\/page"}],"author":[{"embeddable":true,"href":"https:\/\/www.clipstoreservice.com\/de\/wp-json\/wp\/v2\/users\/1"}],"replies":[{"embeddable":true,"href":"https:\/\/www.clipstoreservice.com\/de\/wp-json\/wp\/v2\/comments?post=2"}],"version-history":[{"count":0,"href":"https:\/\/www.clipstoreservice.com\/de\/wp-json\/wp\/v2\/pages\/2\/revisions"}],"wp:attachment":[{"href":"https:\/\/www.clipstoreservice.com\/de\/wp-json\/wp\/v2\/media?parent=2"}],"curies":[{"name":"wp","href":"https:\/\/api.w.org\/{rel}","templated":true}]}}