{"id":13,"date":"2013-06-08T17:11:42","date_gmt":"2013-06-08T15:11:42","guid":{"rendered":"http:\/\/www.clipstoreservice.com\/de\/?page_id=13"},"modified":"2013-06-21T18:38:57","modified_gmt":"2013-06-21T16:38:57","slug":"clips4sale","status":"publish","type":"page","link":"https:\/\/www.clipstoreservice.com\/de\/fetisch-erotik-stores\/clips4sale\/","title":{"rendered":"Clips4Sale"},"content":{"rendered":"<p><a title=\"Clips4Sale\" href=\"http:\/\/www.clips4sale.com\" target=\"_blank\">Clips4Sale<\/a> ist die mit Abstand gr\u00f6sste der Store Seiten.<\/p>\n<p><a href=\"http:\/\/www.clips4sale.com\" target=\"_blank\"><img loading=\"lazy\" decoding=\"async\" class=\"alignnone size-full wp-image-15\" alt=\"clips4sale\" src=\"http:\/\/www.clipstoreservice.com\/de\/wp-content\/uploads\/2013\/06\/clips4sale.jpg\" width=\"200\" height=\"150\" \/><\/a><\/p>\n<p>Sprache: Englisch<\/p>\n<p><strong>Vorteile: grosses Publikum, gute und viele Verk\u00e4ufe m\u00f6glich<\/strong><br \/>\n<strong>Nachteil: viel Konkurrenz<\/strong><\/p>\n<p>Bei Clips4Sale finden sie fast alle Namenhaften Clipstores sowie vermutlich Zehntausend weiterer kleiner Stores.<\/p>\n<p>Die Top 50 der Stores besteht vorallem aus englisch sprachigen Stores. Trotzdem ist f\u00fcr deutsche Stores ein hoher Umsatz m\u00f6glich.<\/p>\n<p>Abh\u00e4ngig davon wie bei allen Stores ist die Anzahl der eingestellten Clips und deren Qualit\u00e4t.<\/p>\n<p>Erfahrungsgem\u00e4ssig verkaufen sich Femdom Videos am besten, gefolgt von dominanten solo Girls oder Fuss-Girls. Auch Hardcore Videos verkaufen sich \u00fcber Clips4Sale &#8211; vorallem wenn es Fetisch-Hardcore-Videos sind.<\/p>\n<p>Clips4Sale zahlt <strong>60%<\/strong> des Umsatzes an die Stores aus. Der Betrag wird in Dollar ausgewiesen. F\u00fcr die Auszahlung berechnet Clips4Sale $45 f\u00fcr eine internationale \u00dcberweisung nach Deutschland. Je nach Bank kommen hier zus\u00e4tzlich ca. 10-20 Euro Bankgeb\u00fchren hinzu. Es empfiehlt sich die Mindestauszahlungssumme so hoch wie m\u00f6glich anzusetzen, so spart man zus\u00e4tzich Geld.<\/p>\n<p>Besonderheiten: Fisting ist nicht erlaubt, Anpinklen ist nicht erlaubt, Solo-Pinkelvideos sind erlaubt<\/p>\n<p><em>Dies k\u00f6nnte ebenfalls f\u00fcr sie interessant sein: <a title=\"Clip Stores\" href=\"http:\/\/www.clipstoreservice.com\/de\/?page_id=2\">Alle Clip Stores<\/a><\/em><\/p>\n","protected":false},"excerpt":{"rendered":"<p>Clips4Sale ist die mit Abstand gr\u00f6sste der Store Seiten. Sprache: Englisch Vorteile: grosses Publikum, gute und viele Verk\u00e4ufe m\u00f6glich Nachteil: viel Konkurrenz Bei Clips4Sale finden sie fast alle Namenhaften Clipstores sowie vermutlich Zehntausend weiterer kleiner Stores. Die Top 50 der Stores besteht vorallem aus englisch sprachigen Stores. Trotzdem ist f\u00fcr deutsche Stores ein hoher Umsatz [&hellip;]<\/p>\n","protected":false},"author":1,"featured_media":0,"parent":2,"menu_order":0,"comment_status":"closed","ping_status":"closed","template":"","meta":{"footnotes":""},"class_list":["post-13","page","type-page","status-publish","hentry"],"_links":{"self":[{"href":"https:\/\/www.clipstoreservice.com\/de\/wp-json\/wp\/v2\/pages\/13","targetHints":{"allow":["GET"]}}],"collection":[{"href":"https:\/\/www.clipstoreservice.com\/de\/wp-json\/wp\/v2\/pages"}],"about":[{"href":"https:\/\/www.clipstoreservice.com\/de\/wp-json\/wp\/v2\/types\/page"}],"author":[{"embeddable":true,"href":"https:\/\/www.clipstoreservice.com\/de\/wp-json\/wp\/v2\/users\/1"}],"replies":[{"embeddable":true,"href":"https:\/\/www.clipstoreservice.com\/de\/wp-json\/wp\/v2\/comments?post=13"}],"version-history":[{"count":0,"href":"https:\/\/www.clipstoreservice.com\/de\/wp-json\/wp\/v2\/pages\/13\/revisions"}],"up":[{"embeddable":true,"href":"https:\/\/www.clipstoreservice.com\/de\/wp-json\/wp\/v2\/pages\/2"}],"wp:attachment":[{"href":"https:\/\/www.clipstoreservice.com\/de\/wp-json\/wp\/v2\/media?parent=13"}],"curies":[{"name":"wp","href":"https:\/\/api.w.org\/{rel}","templated":true}]}}