{"id":106,"date":"2013-06-21T18:22:49","date_gmt":"2013-06-21T16:22:49","guid":{"rendered":"http:\/\/www.clipstoreservice.com\/de\/?page_id=106"},"modified":"2013-06-21T18:32:14","modified_gmt":"2013-06-21T16:32:14","slug":"fetishcod","status":"publish","type":"page","link":"https:\/\/www.clipstoreservice.com\/de\/fetisch-erotik-stores\/fetishcod\/","title":{"rendered":"FetishCOD"},"content":{"rendered":"<p><a title=\"FetishCOD\" href=\"http:\/\/www.fetishcod.com\/\" target=\"_blank\">FetishCOD<\/a> bietet vorallem f\u00fcr Femdom Clips die M\u00f6glichkeit zus\u00e4tzlich Umsatz zu erziehlen.<\/p>\n<p><a href=\"http:\/\/www.fetishcod.com\/\" target=\"_blank\"><img loading=\"lazy\" decoding=\"async\" class=\"alignnone size-full wp-image-107\" alt=\"fetishcod\" src=\"http:\/\/www.clipstoreservice.com\/de\/wp-content\/uploads\/2013\/06\/fetishcod.jpg\" width=\"200\" height=\"150\" \/><\/a><\/p>\n<p>Sprache: Englisch<\/p>\n<p><strong>Vorteile: mehrere Stores in einem Account, Werbung f\u00fcr FetishCOD im grossen<br \/>\n<a title=\"Mistress Destiny Forum\" href=\"http:\/\/mistressdestiny.com\/forums\/\" target=\"_blank\">MistressDestiny Forum<\/a><\/strong><br \/>\n<strong>Nachteil: nicht so stark frequentiert wie die anderen Store Seiten, wenig Ums\u00e4tze f\u00fcr Geldherrinnen<br \/>\n<\/strong><\/p>\n<p>FetishCOD ziehlt vorallem auf Femdom Videos ab. Facesitting, Trampling und Fussdominanz Videos verkaufen sich hier am besten,<\/p>\n<p>Als deutschprachiges Sologirl hat man es hier deutlich schwerer als auf den anderen Seiten.<\/p>\n<p>Man kann es versuchen, aber mit nicht so hohen Erwartungen an den Store herangehen.<\/p>\n<p>Verkauft werden wie bereits gesagt Themen in der Richtung &#8222;weibliche Dominanz&#8220;. Die Top-Stores verkaufen alle Videos aus diesem Themengebiet.<\/p>\n<p>FetishCOD zahlt <strong>60%<\/strong> des Umsatzes in $ an die Stores aus.<\/p>\n<p>F\u00fcr eine internationale \u00dcberweisung berechnet FetishCOD 45$. Ggf. kommen hier weitere Bankgeb\u00fchren auf einen zu.<\/p>\n<p>Besonderheiten: kein NS und KV<\/p>\n<p><em>Dies k\u00f6nnte ebenfalls f\u00fcr sie interessant sein: <a title=\"Clip Stores\" href=\"http:\/\/www.clipstoreservice.com\/de\/?page_id=2\">Alle Clip Stores<\/a><\/em><\/p>\n","protected":false},"excerpt":{"rendered":"<p>FetishCOD bietet vorallem f\u00fcr Femdom Clips die M\u00f6glichkeit zus\u00e4tzlich Umsatz zu erziehlen. Sprache: Englisch Vorteile: mehrere Stores in einem Account, Werbung f\u00fcr FetishCOD im grossen MistressDestiny Forum Nachteil: nicht so stark frequentiert wie die anderen Store Seiten, wenig Ums\u00e4tze f\u00fcr Geldherrinnen FetishCOD ziehlt vorallem auf Femdom Videos ab. Facesitting, Trampling und Fussdominanz Videos verkaufen sich [&hellip;]<\/p>\n","protected":false},"author":1,"featured_media":0,"parent":2,"menu_order":0,"comment_status":"closed","ping_status":"closed","template":"","meta":{"footnotes":""},"class_list":["post-106","page","type-page","status-publish","hentry"],"_links":{"self":[{"href":"https:\/\/www.clipstoreservice.com\/de\/wp-json\/wp\/v2\/pages\/106","targetHints":{"allow":["GET"]}}],"collection":[{"href":"https:\/\/www.clipstoreservice.com\/de\/wp-json\/wp\/v2\/pages"}],"about":[{"href":"https:\/\/www.clipstoreservice.com\/de\/wp-json\/wp\/v2\/types\/page"}],"author":[{"embeddable":true,"href":"https:\/\/www.clipstoreservice.com\/de\/wp-json\/wp\/v2\/users\/1"}],"replies":[{"embeddable":true,"href":"https:\/\/www.clipstoreservice.com\/de\/wp-json\/wp\/v2\/comments?post=106"}],"version-history":[{"count":0,"href":"https:\/\/www.clipstoreservice.com\/de\/wp-json\/wp\/v2\/pages\/106\/revisions"}],"up":[{"embeddable":true,"href":"https:\/\/www.clipstoreservice.com\/de\/wp-json\/wp\/v2\/pages\/2"}],"wp:attachment":[{"href":"https:\/\/www.clipstoreservice.com\/de\/wp-json\/wp\/v2\/media?parent=106"}],"curies":[{"name":"wp","href":"https:\/\/api.w.org\/{rel}","templated":true}]}}