{"id":101,"date":"2013-06-21T18:14:16","date_gmt":"2013-06-21T16:14:16","guid":{"rendered":"http:\/\/www.clipstoreservice.com\/de\/?page_id=101"},"modified":"2013-06-21T18:39:09","modified_gmt":"2013-06-21T16:39:09","slug":"kinkbomb","status":"publish","type":"page","link":"https:\/\/www.clipstoreservice.com\/de\/fetisch-erotik-stores\/kinkbomb\/","title":{"rendered":"KinkBomb"},"content":{"rendered":"<p><a title=\"KinkBomb\" href=\"http:\/\/www.kinkbomb.com\/\" target=\"_blank\">KinkBomb<\/a> ist eine Store Seite welche vorallem f\u00fcr Geldherrinnen ein Zuhause bietet.<\/p>\n<p><a href=\"http:\/\/www.kinkbomb.com\/\" target=\"_blank\"><img loading=\"lazy\" decoding=\"async\" class=\"alignnone size-full wp-image-102\" alt=\"kinkbomb\" src=\"http:\/\/www.clipstoreservice.com\/de\/wp-content\/uploads\/2013\/06\/kinkbomb.jpg\" width=\"200\" height=\"150\" \/><\/a><\/p>\n<p>Sprache: Englisch<\/p>\n<p><strong>Vorteile: gute Verk\u00e4ufe f\u00fcr Geldherrinnen<\/strong><br \/>\n<strong>Nachteil: un\u00fcbersichtliche Men\u00fcs f\u00fcr Webmaster und umst\u00e4ndliches Clips einstellen<br \/>\n<\/strong><\/p>\n<p>KinkBomb bietet vorallem f\u00fcr Geldherrinnen gute Umsatzm\u00f6glichkeiten.<\/p>\n<p>Als deutsche Herrin zwar nicht ganz soviel wie bei den anderen Stores, trotzdem sollte man es dort versuchen.<\/p>\n<p>Leider ist der Store-Admin ziemlich un\u00fcbersichtlich, nach etwas Eingew\u00f6hnung sollte man aber trotzdem klar kommen.<\/p>\n<p>Die top Stores sind alles dominante Girls, vorallem Geldherrinnen etc. und es empfiehlt sich vorallem solche Clips dort zu verkaufen.<\/p>\n<p>Nicht ganz so gut, aber trotzdem so das es sich lohnt, verkaufen sich dort Femdom Clips.<\/p>\n<p>KinkBomb zahlt <strong>60%<\/strong> des Umsatzes an die Stores aus.<\/p>\n<p>Eine \u00dcberweisung per Paypal ist m\u00f6glich. Kinkbomb berechnet nur 2$. F\u00fcr eine internationale \u00dcberweisung berechnet Kinkbomb 60$. Wer kein Paypal-Konto hat, sollte die Mindestauszahlungssumme hoch stellen um durch die hohen Geb\u00fchren weniger Geld zu verlieren.<\/p>\n<p>Besonderheiten: keine Hypnoseclips, kein Fisting, kein Natursekt<\/p>\n<p><em>Dies k\u00f6nnte ebenfalls f\u00fcr sie interessant sein: <a title=\"Clip Stores\" href=\"http:\/\/www.clipstoreservice.com\/de\/?page_id=2\">Alle Clip Stores<\/a><\/em><\/p>\n","protected":false},"excerpt":{"rendered":"<p>KinkBomb ist eine Store Seite welche vorallem f\u00fcr Geldherrinnen ein Zuhause bietet. Sprache: Englisch Vorteile: gute Verk\u00e4ufe f\u00fcr Geldherrinnen Nachteil: un\u00fcbersichtliche Men\u00fcs f\u00fcr Webmaster und umst\u00e4ndliches Clips einstellen KinkBomb bietet vorallem f\u00fcr Geldherrinnen gute Umsatzm\u00f6glichkeiten. Als deutsche Herrin zwar nicht ganz soviel wie bei den anderen Stores, trotzdem sollte man es dort versuchen. Leider ist [&hellip;]<\/p>\n","protected":false},"author":1,"featured_media":0,"parent":2,"menu_order":0,"comment_status":"closed","ping_status":"closed","template":"","meta":{"footnotes":""},"class_list":["post-101","page","type-page","status-publish","hentry"],"_links":{"self":[{"href":"https:\/\/www.clipstoreservice.com\/de\/wp-json\/wp\/v2\/pages\/101","targetHints":{"allow":["GET"]}}],"collection":[{"href":"https:\/\/www.clipstoreservice.com\/de\/wp-json\/wp\/v2\/pages"}],"about":[{"href":"https:\/\/www.clipstoreservice.com\/de\/wp-json\/wp\/v2\/types\/page"}],"author":[{"embeddable":true,"href":"https:\/\/www.clipstoreservice.com\/de\/wp-json\/wp\/v2\/users\/1"}],"replies":[{"embeddable":true,"href":"https:\/\/www.clipstoreservice.com\/de\/wp-json\/wp\/v2\/comments?post=101"}],"version-history":[{"count":0,"href":"https:\/\/www.clipstoreservice.com\/de\/wp-json\/wp\/v2\/pages\/101\/revisions"}],"up":[{"embeddable":true,"href":"https:\/\/www.clipstoreservice.com\/de\/wp-json\/wp\/v2\/pages\/2"}],"wp:attachment":[{"href":"https:\/\/www.clipstoreservice.com\/de\/wp-json\/wp\/v2\/media?parent=101"}],"curies":[{"name":"wp","href":"https:\/\/api.w.org\/{rel}","templated":true}]}}